{"id":170,"date":"2019-09-30T09:24:30","date_gmt":"2019-09-30T09:24:30","guid":{"rendered":"http:\/\/www.fitlady.fi\/?post_type=product&#038;p=170"},"modified":"2019-10-07T15:32:09","modified_gmt":"2019-10-07T15:32:09","slug":"ruokavaliosuunnitelma","status":"publish","type":"product","link":"https:\/\/www.voimanainen.fi\/index.php\/tuote\/ruokavaliosuunnitelma\/","title":{"rendered":"Ruokavaliosuunnitelma"},"content":{"rendered":"","protected":false},"excerpt":{"rendered":"<p>V\u00e4lill\u00e4 voi olla hankalaa tiet\u00e4\u00e4 miten sy\u00f6d\u00e4 ruokatrendien keskell\u00e4. Kannattaisiko lis\u00e4t\u00e4, karsia tai lopettaa kokonaan tietyn ravintoaineen sy\u00f6nti\u00e4. Onneksi on olemassa parempi ja helpompi keino sy\u00f6d\u00e4 niin, ett\u00e4 ruoka tukee treenitavoitetta, tehoa, kehittymist\u00e4 sek\u00e4 edesauttaa palautumista. Trendej\u00e4 tulee ja menee mutta n\u00e4ill\u00e4 yksinkertaisilla sek\u00e4 hyvin todetuilla periaatteilla onnistut varmasti.<\/p>\n<p>Ruokavaliosuunnitelmaan kuuluu:<\/p>\n<ul>\n<li>Tietoa terveellisest\u00e4 ruokavaliosta<\/li>\n<li>Sinulle muokattavissa oleva ruokavaliosuunnitelma<\/li>\n<li>Herkullisia reseptej\u00e4<\/li>\n<\/ul>\n<p>&nbsp;<\/p>\n","protected":false},"featured_media":171,"comment_status":"open","ping_status":"closed","template":"","meta":{"_uag_custom_page_level_css":"","_exactmetrics_skip_tracking":false,"_exactmetrics_sitenote_active":false,"_exactmetrics_sitenote_note":"","_exactmetrics_sitenote_category":0,"site-sidebar-layout":"default","site-content-layout":"default","ast-site-content-layout":"default","site-content-style":"default","site-sidebar-style":"default","ast-global-header-display":"","ast-banner-title-visibility":"","ast-main-header-display":"","ast-hfb-above-header-display":"","ast-hfb-below-header-display":"","ast-hfb-mobile-header-display":"","site-post-title":"","ast-breadcrumbs-content":"","ast-featured-img":"","footer-sml-layout":"","ast-disable-related-posts":"","theme-transparent-header-meta":"default","adv-header-id-meta":null,"stick-header-meta":null,"header-above-stick-meta":null,"header-main-stick-meta":null,"header-below-stick-meta":null,"astra-migrate-meta-layouts":"default","ast-page-background-enabled":"default","ast-page-background-meta":{"desktop":{"background-color":"","background-image":"","background-repeat":"repeat","background-position":"center center","background-size":"auto","background-attachment":"scroll","background-type":"","background-media":"","overlay-type":"","overlay-color":"","overlay-opacity":"","overlay-gradient":""},"tablet":{"background-color":"","background-image":"","background-repeat":"repeat","background-position":"center center","background-size":"auto","background-attachment":"scroll","background-type":"","background-media":"","overlay-type":"","overlay-color":"","overlay-opacity":"","overlay-gradient":""},"mobile":{"background-color":"","background-image":"","background-repeat":"repeat","background-position":"center center","background-size":"auto","background-attachment":"scroll","background-type":"","background-media":"","overlay-type":"","overlay-color":"","overlay-opacity":"","overlay-gradient":""}},"ast-content-background-meta":{"desktop":{"background-color":"var(--ast-global-color-5)","background-image":"","background-repeat":"repeat","background-position":"center center","background-size":"auto","background-attachment":"scroll","background-type":"","background-media":"","overlay-type":"","overlay-color":"","overlay-opacity":"","overlay-gradient":""},"tablet":{"background-color":"var(--ast-global-color-5)","background-image":"","background-repeat":"repeat","background-position":"center center","background-size":"auto","background-attachment":"scroll","background-type":"","background-media":"","overlay-type":"","overlay-color":"","overlay-opacity":"","overlay-gradient":""},"mobile":{"background-color":"var(--ast-global-color-5)","background-image":"","background-repeat":"repeat","background-position":"center center","background-size":"auto","background-attachment":"scroll","background-type":"","background-media":"","overlay-type":"","overlay-color":"","overlay-opacity":"","overlay-gradient":""}}},"product_cat":[15],"product_tag":[28,27],"uagb_featured_image_src":{"full":["https:\/\/www.voimanainen.fi\/wp-content\/uploads\/2019\/09\/4bc21378-4455-4ae1-93ae-eec8818080ae.jpg",1200,1600,false],"thumbnail":["https:\/\/www.voimanainen.fi\/wp-content\/uploads\/2019\/09\/4bc21378-4455-4ae1-93ae-eec8818080ae-150x150.jpg",150,150,true],"medium":["https:\/\/www.voimanainen.fi\/wp-content\/uploads\/2019\/09\/4bc21378-4455-4ae1-93ae-eec8818080ae-225x300.jpg",225,300,true],"medium_large":["https:\/\/www.voimanainen.fi\/wp-content\/uploads\/2019\/09\/4bc21378-4455-4ae1-93ae-eec8818080ae-768x1024.jpg",768,1024,true],"large":["https:\/\/www.voimanainen.fi\/wp-content\/uploads\/2019\/09\/4bc21378-4455-4ae1-93ae-eec8818080ae-768x1024.jpg",768,1024,true],"1536x1536":["https:\/\/www.voimanainen.fi\/wp-content\/uploads\/2019\/09\/4bc21378-4455-4ae1-93ae-eec8818080ae.jpg",1152,1536,false],"2048x2048":["https:\/\/www.voimanainen.fi\/wp-content\/uploads\/2019\/09\/4bc21378-4455-4ae1-93ae-eec8818080ae.jpg",1200,1600,false],"woocommerce_thumbnail":["https:\/\/www.voimanainen.fi\/wp-content\/uploads\/2019\/09\/4bc21378-4455-4ae1-93ae-eec8818080ae-300x300.jpg",300,300,true],"woocommerce_single":["https:\/\/www.voimanainen.fi\/wp-content\/uploads\/2019\/09\/4bc21378-4455-4ae1-93ae-eec8818080ae-600x800.jpg",600,800,true],"woocommerce_gallery_thumbnail":["https:\/\/www.voimanainen.fi\/wp-content\/uploads\/2019\/09\/4bc21378-4455-4ae1-93ae-eec8818080ae-100x100.jpg",100,100,true]},"uagb_author_info":{"display_name":"admin","author_link":"https:\/\/www.voimanainen.fi\/index.php\/author\/"},"uagb_comment_info":0,"uagb_excerpt":"V\u00e4lill\u00e4 voi olla hankalaa tiet\u00e4\u00e4 miten sy\u00f6d\u00e4 ruokatrendien keskell\u00e4. Kannattaisiko lis\u00e4t\u00e4, karsia tai lopettaa kokonaan tietyn ravintoaineen sy\u00f6nti\u00e4. Onneksi on olemassa parempi ja helpompi keino sy\u00f6d\u00e4 niin, ett\u00e4 ruoka tukee treenitavoitetta, tehoa, kehittymist\u00e4 sek\u00e4 edesauttaa palautumista. Trendej\u00e4 tulee ja menee mutta n\u00e4ill\u00e4 yksinkertaisilla sek\u00e4 hyvin todetuilla periaatteilla onnistut varmasti. Ruokavaliosuunnitelmaan kuuluu: Tietoa terveellisest\u00e4 ruokavaliosta Sinulle&hellip;","_links":{"self":[{"href":"https:\/\/www.voimanainen.fi\/index.php\/wp-json\/wp\/v2\/product\/170"}],"collection":[{"href":"https:\/\/www.voimanainen.fi\/index.php\/wp-json\/wp\/v2\/product"}],"about":[{"href":"https:\/\/www.voimanainen.fi\/index.php\/wp-json\/wp\/v2\/types\/product"}],"replies":[{"embeddable":true,"href":"https:\/\/www.voimanainen.fi\/index.php\/wp-json\/wp\/v2\/comments?post=170"}],"wp:featuredmedia":[{"embeddable":true,"href":"https:\/\/www.voimanainen.fi\/index.php\/wp-json\/wp\/v2\/media\/171"}],"wp:attachment":[{"href":"https:\/\/www.voimanainen.fi\/index.php\/wp-json\/wp\/v2\/media?parent=170"}],"wp:term":[{"taxonomy":"product_cat","embeddable":true,"href":"https:\/\/www.voimanainen.fi\/index.php\/wp-json\/wp\/v2\/product_cat?post=170"},{"taxonomy":"product_tag","embeddable":true,"href":"https:\/\/www.voimanainen.fi\/index.php\/wp-json\/wp\/v2\/product_tag?post=170"}],"curies":[{"name":"wp","href":"https:\/\/api.w.org\/{rel}","templated":true}]}}