{"id":966,"date":"2019-10-09T17:51:15","date_gmt":"2019-10-09T17:51:15","guid":{"rendered":"http:\/\/www.fitlady.fi\/?page_id=966"},"modified":"2023-12-18T10:58:17","modified_gmt":"2023-12-18T10:58:17","slug":"tilaus-ja-sopimusehdot","status":"publish","type":"page","link":"https:\/\/www.voimanainen.fi\/index.php\/tilaus-ja-sopimusehdot\/","title":{"rendered":"Tilaus ja sopimusehdot"},"content":{"rendered":"\t\t<div data-elementor-type=\"wp-page\" data-elementor-id=\"966\" class=\"elementor elementor-966\">\n\t\t\t\t\t\t<section class=\"elementor-section elementor-top-section elementor-element elementor-element-ff2fef9 elementor-section-boxed elementor-section-height-default elementor-section-height-default\" data-id=\"ff2fef9\" data-element_type=\"section\">\n\t\t\t\t\t\t<div class=\"elementor-container elementor-column-gap-default\">\n\t\t\t\t\t<div class=\"elementor-column elementor-col-100 elementor-top-column elementor-element elementor-element-5cb7283\" data-id=\"5cb7283\" data-element_type=\"column\">\n\t\t\t<div class=\"elementor-widget-wrap elementor-element-populated\">\n\t\t\t\t\t\t<div class=\"elementor-element elementor-element-3e8af53 elementor-widget elementor-widget-heading\" data-id=\"3e8af53\" data-element_type=\"widget\" data-widget_type=\"heading.default\">\n\t\t\t\t<div class=\"elementor-widget-container\">\n\t\t\t\t\t<h2 class=\"elementor-heading-title elementor-size-default\">Sopimusehdot<\/h2>\t\t\t\t<\/div>\n\t\t\t\t<\/div>\n\t\t\t\t\t<\/div>\n\t\t<\/div>\n\t\t\t\t\t<\/div>\n\t\t<\/section>\n\t\t\t\t<section class=\"elementor-section elementor-top-section elementor-element elementor-element-7d51eea elementor-section-boxed elementor-section-height-default elementor-section-height-default\" data-id=\"7d51eea\" data-element_type=\"section\">\n\t\t\t\t\t\t<div class=\"elementor-container elementor-column-gap-default\">\n\t\t\t\t\t<div class=\"elementor-column elementor-col-100 elementor-top-column elementor-element elementor-element-13223da\" data-id=\"13223da\" data-element_type=\"column\">\n\t\t\t<div class=\"elementor-widget-wrap elementor-element-populated\">\n\t\t\t\t\t\t<div class=\"elementor-element elementor-element-431b665 elementor-widget elementor-widget-text-editor\" data-id=\"431b665\" data-element_type=\"widget\" data-widget_type=\"text-editor.default\">\n\t\t\t\t<div class=\"elementor-widget-container\">\n\t\t\t\t\t\t\t\t\t<h3><b>1. Yleiset ehdot<\/b><\/h3>\n<p><b>Pt-palvelut Erolin <\/b>N\u00e4it\u00e4 sopimusehtoja soveltaen ja sen asiakkaiden v\u00e4lisess\u00e4 kauppasuhteessa. Voimanainen.fi v\u00e4litt\u00e4mien palveluiden ja tuotteiden osalta soveltaen my\u00f6s kyseisen palveluntarjoajan m\u00e4\u00e4rittelemi\u00e4 sopimusehtoja ja on oikeus p\u00e4ivitt\u00e4\u00e4 n\u00e4it\u00e4 sopimusehtoja ilman ennakkoilmoitusta.&nbsp;<\/p>\n<p><b>Pt-palvelut Erolin\/Voimanainen.fi ei vastaa vahingosta, joka aiheutuu ylivoimaisesta esteest\u00e4.<\/b> Ylivoimaisena esteen\u00e4 pidet\u00e4\u00e4n sellaista ennalta arvaamatonta seikkaa tai olosuhteiden muutosta, joka on vaikutusmahdollisuuksien ulkopuolella&nbsp;<span style=\"font-size: 16px;\">on velvollinen ilmoittamaan asiakkaalle ylivoimaisesta esteest\u00e4 viivytyksett\u00e4.<\/span><\/p>\n<h3>&nbsp;<\/h3>\n<h3><b>2. Asiakas ja tietosuoja<\/b><\/h3>\n<p><b>Pt-palvelut Erolin toivottaa tervetulleeksi kaikki yksityis- ja yritysasiakkaat.<\/b> Kauppasuhteessa noudatetaan soveltuvaa Suomen ja EU:n lains\u00e4\u00e4d\u00e4nt\u00f6\u00e4 kuluttajakaupan, markkinoinnin ja mainonnan osalta. Yritysasiakkaiden ja Voimanainen.fi v\u00e4lisess\u00e4 kauppasopimuksessa noudatetaan ensisijaisesti n\u00e4it\u00e4 sopimusehtoja ja muilta osin Suomen kauppalakia.<\/p>\n<p><b>Asiakas on velvoitettu luovuttamaan tilausta tehdess\u00e4\u00e4n t\u00e4ydelliset yhteystietonsa<\/b>, jotka sis\u00e4lt\u00e4v\u00e4t kuluttaja-asiakkaalta v\u00e4hint\u00e4\u00e4n nimen, osoitteen ja puhelinnumeron sek\u00e4 mahdollisesti s\u00e4hk\u00f6postiosoitteen. Yritysasiakkailta vaadittavat tiedot ovat yhteyshenkil\u00f6n nimi, puhelinnumero ja s\u00e4hk\u00f6posti sek\u00e4 y-tunnus, postiosoite, puhelinnumero tai \u2013numerot ja tarvittaessa laskutusosoite.<\/p>\n<p><b>Asiakkaiden tiedot on tallennettu Voimanainen asiakasrekisteriin<\/b>, jossa olevia tietoja k\u00e4ytet\u00e4\u00e4n asiakassuhteen yll\u00e4pit\u00e4miseen ja on oikeus k\u00e4sitell\u00e4 ja luovuttaa rekisteriss\u00e4 olevia tietoja perusteltuja k\u00e4ytt\u00f6tarkoituksia (kuten suoramarkkinointia) varten henkil\u00f6tietolain (523\/99) mukaisesti.<\/p>\n<p><b>Henkil\u00f6tietolain mukainen rekisteriseloste<\/b> on n\u00e4ht\u00e4viss\u00e4 osoitteessa , Finland, Porvoo (PT-palvelut Erolin). Asiakas voi kielt\u00e4\u00e4 tietojensa k\u00e4yt\u00f6n ja k\u00e4sittelyn markkinointitarkoituksiin ja tarkistaa itse\u00e4\u00e4n koskevat tiedot ottamalla yhteytt\u00e4 asiakaspalveluun. Yhteydenotot on teht\u00e4v\u00e4 kirjallisena ja toimitettava allekirjoitettuina osoitteeseen: Pt-palvelut Erolin, Finland, Porvoo. T\u00e4ydellinen rekisteriseloste l\u00f6ytyy osoitteesta www.voimanainen.fi\/reksiteriseloste.<\/p>\n<p><b>Voimanainen-sivustolla k\u00e4ytet\u00e4\u00e4n ev\u00e4steit\u00e4<\/b> (eng. Cookies), joiden avulla sivustoa voidaan kehitt\u00e4\u00e4 edelleen aiempaa k\u00e4ytt\u00e4j\u00e4yst\u00e4v\u00e4llisemm\u00e4ksi. Sivustolla ev\u00e4steiden teht\u00e4v\u00e4 on helpottaa, parantaa ja nopeuttaa asiointikokemusta. Ev\u00e4steit\u00e4 voidaan k\u00e4ytt\u00e4\u00e4 my\u00f6s parempien tarjousten ja henkil\u00f6kohtaisempien tuotesuositusten tarjoamiseksi asiakkaalle. Ev\u00e4ste on pieni tekstitiedosto, jonka verkkopalvelin tallentaa k\u00e4ytt\u00e4j\u00e4n kiintolevylle. Osa Voimanainen.fi-sivuston sis\u00e4ll\u00f6st\u00e4 saattaa edellytt\u00e4\u00e4 ev\u00e4steiden hyv\u00e4ksymist\u00e4 toimiakseen. K\u00e4ytt\u00e4j\u00e4n verkkoselain todenn\u00e4k\u00f6isesti hyv\u00e4ksyy ev\u00e4steet valmiilla oletusasetuksilla, mutta k\u00e4ytt\u00e4j\u00e4 voi my\u00f6s est\u00e4\u00e4 ev\u00e4steiden k\u00e4yt\u00f6n selaimen asetuksista tai poistamalla ev\u00e4steet selaimesta palvelun k\u00e4yt\u00f6n p\u00e4\u00e4tytty\u00e4. Lis\u00e4tietoja selainkohtaisista k\u00e4ytt\u00f6ohjeista l\u00f6ytyy selaimen valmistajan ohjeista.<\/p>\n<h3>&nbsp;<\/h3>\n<h3><b>3. Hinnasto<\/b><\/h3>\n<p><b>Hinnat sis\u00e4lt\u00e4v\u00e4t arvonlis\u00e4veron, mutta eiv\u00e4t kuljetusta ellei toisin ole mainittu.<\/b>&nbsp;Jos hinnastossa on selvi\u00e4 hintavirheit\u00e4, tuotetta ei myyd\u00e4 selv\u00e4sti alempaan hintaan, jos voidaan olettaa asiakkaan ymm\u00e4rt\u00e4neen virheen olemassaolo.<\/p>\n<p><b>Tarkastamme hinnat aina k\u00e4sittelyhetkell\u00e4.<\/b>&nbsp;Hinnan laskiessa korjaamme hinnat asiakkaan avoimeen tilaukseen. Toisaalta, jos tuotteen hinta nousee ennen tilauksen l\u00e4hetyst\u00e4, toimitamme ne alkuper\u00e4isell\u00e4 hinnalla.<\/p>\n<p><b>Toimitusaika-arviot on laadittu maahantuojien ja valmistajien antamien tietojen perusteella. <\/b>sen k\u00e4ytt\u00e4m\u00e4t toimittajat eiv\u00e4t ole vastuussa vaikutuspiirins\u00e4 ulkopuolelta tulevien ennalta arvaamattomien muutosten aiheuttamista viiv\u00e4styksist\u00e4.<\/p>\n<p>Voimanainen.fi pid\u00e4tt\u00e4\u00e4 oikeuden rajoittaa tuotteiden myynti\u00e4 poikkeuksellisen suurissa eriss\u00e4.&nbsp;<\/p>\n<h3><b>5. Maksaminen<\/b><\/h3>\n<p><b>Ajankohtaiset tiedot maksutavoista l\u00f6ytyv\u00e4t Voimanaisen sivuilta.<\/b>&nbsp;<\/p>\n<p>Maksuliikenteen hoitaa laskutus.<\/p>\n<p dir=\"ltr\">Mik\u00e4li sinulla on kysytt\u00e4v\u00e4\u00e4 liittyen tilauksen maksamiseen, pyyd\u00e4mme sinua olemaan yhteydess\u00e4 voimanainen@outlook.com.<\/p>\n<h3><b>6. Palauttaminen<\/b><\/h3>\n<p>Palautusoikeuden rajoitukset m\u00e4\u00e4r\u00e4ytyv\u00e4t kuluttajansuojalain 6. luvun 16 mukaisesti:&nbsp;Palvelutuotteilla tai digitaalisella sis\u00e4ll\u00f6ll\u00e4 ei ole kuluttajansuojalain mukaisesti peruutusoikeutta, jos palvelu on kokonaan suoritettu tai digitaalisen sis\u00e4ll\u00f6n toimittaminen s\u00e4hk\u00f6isesti on aloitettu sinun annettua suostumuksesi toimittamisen aloittamiseen&nbsp;<b>ja<\/b>&nbsp;jos peruutusoikeuden puuttumisesta on kerrottu ennakkoon.<\/p>\n<h3><b>7. Takuu, tuki ja virhevastuu<\/b><\/h3>\n<p><b>Takuu<\/b>&nbsp;m\u00e4\u00e4r\u00e4ytyy valmistajan m\u00e4\u00e4rittelemien takuuehtojen mukaisesti. Olet velvollinen tutustumaan tuotteen mukana toimitettuihin takuuehtoihin ennen tuotteen k\u00e4ytt\u00f6\u00f6nottoa. Takuuehdot l\u00f6ytyv\u00e4t k\u00e4ytt\u00f6ohjeista, erillisest\u00e4 takuulomakkeesta tai valmistajan osoittamasta verkko-osoitteesta. Takuu kattaa p\u00e4\u00e4s\u00e4\u00e4nt\u00f6isesti ainoastaan tuotteessa olevat valmistus- ja materiaalivirheet. Takuuaika on m\u00e4\u00e4ritelty tuotetiedoissa.<\/p>\n<p><b>Erimielisyyksien ratkaiseminen ja oikeuspaikka:<\/b>&nbsp;Kuluttaja-asiakkaalla on oikeus saattaa t\u00e4st\u00e4 sopimuksesta syntyv\u00e4t erimielisyydet kuluttajariitalautakunnan (<a href=\"http:\/\/www.kuluttajariita.fi\/\">www.kuluttajariita.fi<\/a>) ratkaistavaksi. Ennen asian viemist\u00e4 kuluttajariitalautakunnan k\u00e4sittelyyn kuluttajan tulee olla yhteydess\u00e4 maistraattien kuluttajaneuvontaan (<a href=\"http:\/\/www.kuluttajaneuvonta.fi\/\">www.kuluttajaneuvonta.fi<\/a>). Asiakas voi nostaa sopimuksen velkasuhteesta aiheutuvia riitaisuuksia koskevan kanteen yrityst\u00e4 vastaan joko yrityksen kotipaikan k\u00e4r\u00e4j\u00e4oikeudessa tai sen Suomessa sijaitsevan paikkakunnan k\u00e4r\u00e4j\u00e4oikeudessa, jonka tuomiopiiriss\u00e4 h\u00e4nell\u00e4 on asuinpaikkansa. Jollei Asiakkaalla ole asuinpaikkaa Suomessa, riitaisuudet k\u00e4sitell\u00e4\u00e4n yrityksen kotipaikan k\u00e4r\u00e4j\u00e4oikeudessa.<\/p>\n<p><b>Asiamieskuluja ei korvata<\/b>, koska Kuluttajaneuvonta ja kuluttajariitalautakunta tarjoaa veloituksetta apua erimielisyyksien ratkaisemiseen.<\/p>\t\t\t\t\t\t\t\t<\/div>\n\t\t\t\t<\/div>\n\t\t\t\t\t<\/div>\n\t\t<\/div>\n\t\t\t\t\t<\/div>\n\t\t<\/section>\n\t\t\t\t<\/div>\n\t\t","protected":false},"excerpt":{"rendered":"<p>Sopimusehdot 1. Yleiset ehdot Pt-palvelut Erolin N\u00e4it\u00e4 sopimusehtoja soveltaen ja sen asiakkaiden v\u00e4lisess\u00e4 kauppasuhteessa. Voimanainen.fi v\u00e4litt\u00e4mien palveluiden ja tuotteiden osalta soveltaen my\u00f6s kyseisen palveluntarjoajan m\u00e4\u00e4rittelemi\u00e4 sopimusehtoja ja on oikeus p\u00e4ivitt\u00e4\u00e4 n\u00e4it\u00e4 sopimusehtoja ilman ennakkoilmoitusta.&nbsp; Pt-palvelut Erolin\/Voimanainen.fi ei vastaa vahingosta, joka aiheutuu ylivoimaisesta esteest\u00e4. Ylivoimaisena esteen\u00e4 pidet\u00e4\u00e4n sellaista ennalta arvaamatonta seikkaa tai olosuhteiden muutosta, joka on [&hellip;]<\/p>\n","protected":false},"author":1,"featured_media":0,"parent":0,"menu_order":0,"comment_status":"closed","ping_status":"closed","template":"","meta":{"_uag_custom_page_level_css":"","_exactmetrics_skip_tracking":false,"_exactmetrics_sitenote_active":false,"_exactmetrics_sitenote_note":"","_exactmetrics_sitenote_category":0,"site-sidebar-layout":"no-sidebar","site-content-layout":"page-builder","ast-site-content-layout":"default","site-content-style":"default","site-sidebar-style":"default","ast-global-header-display":"","ast-banner-title-visibility":"","ast-main-header-display":"","ast-hfb-above-header-display":"","ast-hfb-below-header-display":"","ast-hfb-mobile-header-display":"","site-post-title":"disabled","ast-breadcrumbs-content":"","ast-featured-img":"disabled","footer-sml-layout":"","ast-disable-related-posts":"","theme-transparent-header-meta":"default","adv-header-id-meta":"","stick-header-meta":"","header-above-stick-meta":"","header-main-stick-meta":"","header-below-stick-meta":"","astra-migrate-meta-layouts":"default","ast-page-background-enabled":"default","ast-page-background-meta":{"desktop":{"background-color":"","background-image":"","background-repeat":"repeat","background-position":"center center","background-size":"auto","background-attachment":"scroll","background-type":"","background-media":"","overlay-type":"","overlay-color":"","overlay-opacity":"","overlay-gradient":""},"tablet":{"background-color":"","background-image":"","background-repeat":"repeat","background-position":"center center","background-size":"auto","background-attachment":"scroll","background-type":"","background-media":"","overlay-type":"","overlay-color":"","overlay-opacity":"","overlay-gradient":""},"mobile":{"background-color":"","background-image":"","background-repeat":"repeat","background-position":"center center","background-size":"auto","background-attachment":"scroll","background-type":"","background-media":"","overlay-type":"","overlay-color":"","overlay-opacity":"","overlay-gradient":""}},"ast-content-background-meta":{"desktop":{"background-color":"var(--ast-global-color-5)","background-image":"","background-repeat":"repeat","background-position":"center center","background-size":"auto","background-attachment":"scroll","background-type":"","background-media":"","overlay-type":"","overlay-color":"","overlay-opacity":"","overlay-gradient":""},"tablet":{"background-color":"var(--ast-global-color-5)","background-image":"","background-repeat":"repeat","background-position":"center center","background-size":"auto","background-attachment":"scroll","background-type":"","background-media":"","overlay-type":"","overlay-color":"","overlay-opacity":"","overlay-gradient":""},"mobile":{"background-color":"var(--ast-global-color-5)","background-image":"","background-repeat":"repeat","background-position":"center center","background-size":"auto","background-attachment":"scroll","background-type":"","background-media":"","overlay-type":"","overlay-color":"","overlay-opacity":"","overlay-gradient":""}},"footnotes":""},"uagb_featured_image_src":{"full":false,"thumbnail":false,"medium":false,"medium_large":false,"large":false,"1536x1536":false,"2048x2048":false,"woocommerce_thumbnail":false,"woocommerce_single":false,"woocommerce_gallery_thumbnail":false},"uagb_author_info":{"display_name":"admin","author_link":"https:\/\/www.voimanainen.fi\/index.php\/author\/admin\/"},"uagb_comment_info":0,"uagb_excerpt":"Sopimusehdot 1. Yleiset ehdot Pt-palvelut Erolin N\u00e4it\u00e4 sopimusehtoja soveltaen ja sen asiakkaiden v\u00e4lisess\u00e4 kauppasuhteessa. Voimanainen.fi v\u00e4litt\u00e4mien palveluiden ja tuotteiden osalta soveltaen my\u00f6s kyseisen palveluntarjoajan m\u00e4\u00e4rittelemi\u00e4 sopimusehtoja ja on oikeus p\u00e4ivitt\u00e4\u00e4 n\u00e4it\u00e4 sopimusehtoja ilman ennakkoilmoitusta.&nbsp; Pt-palvelut Erolin\/Voimanainen.fi ei vastaa vahingosta, joka aiheutuu ylivoimaisesta esteest\u00e4. Ylivoimaisena esteen\u00e4 pidet\u00e4\u00e4n sellaista ennalta arvaamatonta seikkaa tai olosuhteiden muutosta, joka on&hellip;","_links":{"self":[{"href":"https:\/\/www.voimanainen.fi\/index.php\/wp-json\/wp\/v2\/pages\/966"}],"collection":[{"href":"https:\/\/www.voimanainen.fi\/index.php\/wp-json\/wp\/v2\/pages"}],"about":[{"href":"https:\/\/www.voimanainen.fi\/index.php\/wp-json\/wp\/v2\/types\/page"}],"author":[{"embeddable":true,"href":"https:\/\/www.voimanainen.fi\/index.php\/wp-json\/wp\/v2\/users\/1"}],"replies":[{"embeddable":true,"href":"https:\/\/www.voimanainen.fi\/index.php\/wp-json\/wp\/v2\/comments?post=966"}],"version-history":[{"count":14,"href":"https:\/\/www.voimanainen.fi\/index.php\/wp-json\/wp\/v2\/pages\/966\/revisions"}],"predecessor-version":[{"id":3464,"href":"https:\/\/www.voimanainen.fi\/index.php\/wp-json\/wp\/v2\/pages\/966\/revisions\/3464"}],"wp:attachment":[{"href":"https:\/\/www.voimanainen.fi\/index.php\/wp-json\/wp\/v2\/media?parent=966"}],"curies":[{"name":"wp","href":"https:\/\/api.w.org\/{rel}","templated":true}]}}