{"id":906,"date":"2019-10-08T12:27:12","date_gmt":"2019-10-08T12:27:12","guid":{"rendered":"http:\/\/www.fitlady.fi\/?page_id=906"},"modified":"2020-03-03T18:00:40","modified_gmt":"2020-03-03T18:00:40","slug":"rekisteriseloste","status":"publish","type":"page","link":"https:\/\/www.voimanainen.fi\/index.php\/rekisteriseloste\/","title":{"rendered":"Rekisteriseloste"},"content":{"rendered":"\t\t<div data-elementor-type=\"wp-page\" data-elementor-id=\"906\" class=\"elementor elementor-906\">\n\t\t\t\t\t\t<section class=\"elementor-section elementor-top-section elementor-element elementor-element-cb95a6a elementor-section-boxed elementor-section-height-default elementor-section-height-default\" data-id=\"cb95a6a\" data-element_type=\"section\">\n\t\t\t\t\t\t<div class=\"elementor-container elementor-column-gap-default\">\n\t\t\t\t\t<div class=\"elementor-column elementor-col-100 elementor-top-column elementor-element elementor-element-3e0bf3e\" data-id=\"3e0bf3e\" data-element_type=\"column\">\n\t\t\t<div class=\"elementor-widget-wrap elementor-element-populated\">\n\t\t\t\t\t\t<div class=\"elementor-element elementor-element-4d074b7 elementor-widget elementor-widget-heading\" data-id=\"4d074b7\" data-element_type=\"widget\" data-widget_type=\"heading.default\">\n\t\t\t\t<div class=\"elementor-widget-container\">\n\t\t\t\t\t<h2 class=\"elementor-heading-title elementor-size-default\">Rekisteriseloste<\/h2>\t\t\t\t<\/div>\n\t\t\t\t<\/div>\n\t\t\t\t\t<\/div>\n\t\t<\/div>\n\t\t\t\t\t<\/div>\n\t\t<\/section>\n\t\t\t\t<section class=\"elementor-section elementor-top-section elementor-element elementor-element-64915ad elementor-section-boxed elementor-section-height-default elementor-section-height-default\" data-id=\"64915ad\" data-element_type=\"section\">\n\t\t\t\t\t\t<div class=\"elementor-container elementor-column-gap-default\">\n\t\t\t\t\t<div class=\"elementor-column elementor-col-100 elementor-top-column elementor-element elementor-element-42784d8\" data-id=\"42784d8\" data-element_type=\"column\">\n\t\t\t<div class=\"elementor-widget-wrap elementor-element-populated\">\n\t\t\t\t\t\t<div class=\"elementor-element elementor-element-a7bc9b0 elementor-widget elementor-widget-text-editor\" data-id=\"a7bc9b0\" data-element_type=\"widget\" data-widget_type=\"text-editor.default\">\n\t\t\t\t<div class=\"elementor-widget-container\">\n\t\t\t\t\t\t\t\t\t<h3><b>REKISTERISELOSTE<\/b><\/h3><p><span style=\"font-size: 15px;\">T\u00e4ss\u00e4 tietosuojalausekkeessa kerron, miten ker\u00e4\u00e4n ja k\u00e4sittelen henkil\u00f6tietoja\u00a0teille palveluita tarjotessa.<\/span><\/p><p>Olen sitoutunut suojaamaan palveluiden k\u00e4ytt\u00e4jien yksityisyytt\u00e4 soveltuvan lains\u00e4\u00e4d\u00e4nn\u00f6n mukaisesti.<\/p><p><b>REKISTERINPIT\u00c4J\u00c4<\/b><\/p><p>Pt-palvelut Erolin<br \/>Porvoo<br \/>Suomi<\/p><p><b>REKISTERIN NIMI<\/b><\/p><p>Pt-palvelut Erolin asiakasrekisteri<\/p><p><b>REKISTERIN PIT\u00c4MISEN PERUSTE<\/b><\/p><p>Henkil\u00f6 on rekister\u00f6itynyt Pt-palvelut Erolin asiakkaaksi tai tehnyt ostoksen Voimanainen-osoitteessa. Ker\u00e4\u00e4n ja k\u00e4sittelen henkil\u00f6tietoja, jotta k\u00e4ytt\u00e4j\u00e4 voidaan rekister\u00f6id\u00e4 asiakkaaksi ja k\u00e4ytt\u00e4j\u00e4ksi sivustolla oleviin palveluihin, jotta k\u00e4ytt\u00e4j\u00e4 voi k\u00e4ytt\u00e4\u00e4 tiettyj\u00e4 sivustolla olevia palveluita, k\u00e4ytt\u00e4j\u00e4lle voidaan k\u00e4ytt\u00e4j\u00e4n hyv\u00e4ksynn\u00e4n mukaisesti markkinoida palveluita, voimme parantaa k\u00e4ytt\u00e4j\u00e4n k\u00e4ytt\u00f6kokemusta ker\u00e4\u00e4m\u00e4ll\u00e4 sivuston k\u00e4ytt\u00f6tietoa ev\u00e4steit\u00e4 ja muita analyysitekniikoita hyv\u00e4ksik\u00e4ytt\u00e4en.<\/p><p><b>REKISTERIN K\u00c4YTT\u00d6TARKOITUS<\/b><\/p><p>Rekisterin k\u00e4ytt\u00f6tarkoitus on Voimanainen.fi asiakasrekisterin yll\u00e4pit\u00e4minen sek\u00e4 asiakkaiden tilausten arkistointi ja k\u00e4sittely. Tietoja voidaan k\u00e4ytt\u00e4\u00e4 Pt-palvelut Erolin toiminnan kehitt\u00e4miseen ja tilastollisiin tarkoituksiin. Henkil\u00f6tietoja k\u00e4sitell\u00e4\u00e4n henkil\u00f6tietolain sallimissa ja edellytt\u00e4miss\u00e4 rajoissa.<\/p><p>Rekisterin tietoja voidaan k\u00e4ytt\u00e4\u00e4 Pt-palvelut Erolin\/Voimanainen.fi omissa rekistereiss\u00e4 mainonnan kohdistamiseen luovuttamatta henkil\u00f6tietoja ulkopuolisille tahoille. Voimanainen.fi saattaa k\u00e4ytt\u00e4\u00e4 asiakas- ja palvelusuhteen yll\u00e4pit\u00e4miseen yhteisty\u00f6kumppaneita. Osa rekisteritiedoista saatetaan siirt\u00e4\u00e4 yhteisty\u00f6kumppanin palvelimille teknisten vaatimusten vuoksi. Tietoja k\u00e4sitell\u00e4\u00e4n ainoastaan Voimanainen.fi asiakassuhteen yll\u00e4pit\u00e4miseen teknisten rajapintojen kautta.<\/p><p><b>REKISTERIN SUOJAUS &amp; TIETOJEN LUOVUTUS<\/b><\/p><p>Tietoja ei luovuteta Voimanainen.fi ulkopuolelle. Rekisteri\u00e4 ei my\u00f6sk\u00e4\u00e4n luovuteta sivullisille. Rekisterin k\u00e4ytt\u00f6oikeus edellytt\u00e4\u00e4 Voimanainen.fi yll\u00e4pito- ja k\u00e4ytt\u00e4j\u00e4oikeuksia. Asiakastiedot ovat tallennettuna Voimanainen.fi yll\u00e4pit\u00e4m\u00e4\u00e4n tilaustietokantaan, joka sijaitsee ammattimaisesti yll\u00e4pidetyill\u00e4 palvelimilla lukitussa tilassa.<\/p><p>K\u00e4yt\u00e4n ajantasaisia k\u00e4yt\u00e4nt\u00f6j\u00e4 henkil\u00f6tietojen suojelemiseksi. K\u00e4yt\u00e4n siis hallinnollisia ja teknisi\u00e4 suojaustoimenpiteit\u00e4 pienent\u00e4\u00e4ksemme henkil\u00f6tietojen h\u00e4vikin riski\u00e4 ja v\u00e4hent\u00e4\u00e4ksemme v\u00e4\u00e4rink\u00e4yt\u00f6ksi\u00e4 sek\u00e4 luvatonta k\u00e4ytt\u00f6\u00e4, julkaisua tai muokkausta. Voimanainen.fi suojelee k\u00e4ytt\u00e4j\u00e4n henkil\u00f6tietoja hy\u00f6dynt\u00e4en Secure Sockets Layer (\u201dSSL\u201d) salausohjelmistoa.<\/p><p>Jotta viestint\u00e4\u00e4 tai markkinointia kohdennetaan oikein, saatamme siirt\u00e4\u00e4 kolmansille osapuolille anonymisoidut demografiatiedot, kiinnostuksenkohteet tai esimerkiksi sijaintiin perustuvat kohdentamisarvot.<\/p><p>T\u00e4m\u00e4 tietosuojalauseke soveltuu vain palveluihin, en ole vastuussa muiden sivustojen tietosuojak\u00e4yt\u00e4nn\u00f6ist\u00e4.<\/p><p>Voit pyyt\u00e4\u00e4 poistamaan henkil\u00f6tietosi j\u00e4rjestelm\u00e4\u00e4n. Suoritan pyynt\u00f6si mukaiset toimenpiteet. Tiedot eiv\u00e4t kuitenkaan poistu v\u00e4litt\u00f6m\u00e4sti kaikista varmuuskopio- tai muista vastaavista j\u00e4rjestelm\u00e4st\u00e4<\/p><p><b>REKISTERIN SIS\u00c4LT\u00c4M\u00c4T TIEDOT<\/b><\/p><p>Henkil\u00f6rekisteri sis\u00e4lt\u00e4\u00e4 seuraavia tietoja:<\/p><p>Henkil\u00f6n etu- ja sukunimi<br \/>S\u00e4hk\u00f6postiosoite<br \/>Postiosoite<br \/>Puhelinnumero<br \/>Tiedot k\u00e4sitellyist\u00e4 tilauksista<br \/>Tilausten kuljetuksen seurantatiedot<\/p><p><b>REKISTERIASIOITA KOSKEVAT ASIAT<\/b><\/p><p>voimanainen@outlook.com<\/p>\t\t\t\t\t\t\t\t<\/div>\n\t\t\t\t<\/div>\n\t\t\t\t\t<\/div>\n\t\t<\/div>\n\t\t\t\t\t<\/div>\n\t\t<\/section>\n\t\t\t\t<\/div>\n\t\t","protected":false},"excerpt":{"rendered":"<p>Rekisteriseloste REKISTERISELOSTE T\u00e4ss\u00e4 tietosuojalausekkeessa kerron, miten ker\u00e4\u00e4n ja k\u00e4sittelen henkil\u00f6tietoja\u00a0teille palveluita tarjotessa. Olen sitoutunut suojaamaan palveluiden k\u00e4ytt\u00e4jien yksityisyytt\u00e4 soveltuvan lains\u00e4\u00e4d\u00e4nn\u00f6n mukaisesti. REKISTERINPIT\u00c4J\u00c4 Pt-palvelut ErolinPorvooSuomi REKISTERIN NIMI Pt-palvelut Erolin asiakasrekisteri REKISTERIN PIT\u00c4MISEN PERUSTE Henkil\u00f6 on rekister\u00f6itynyt Pt-palvelut Erolin asiakkaaksi tai tehnyt ostoksen Voimanainen-osoitteessa. Ker\u00e4\u00e4n ja k\u00e4sittelen henkil\u00f6tietoja, jotta k\u00e4ytt\u00e4j\u00e4 voidaan rekister\u00f6id\u00e4 asiakkaaksi ja k\u00e4ytt\u00e4j\u00e4ksi sivustolla oleviin [&hellip;]<\/p>\n","protected":false},"author":1,"featured_media":0,"parent":0,"menu_order":0,"comment_status":"closed","ping_status":"closed","template":"","meta":{"_uag_custom_page_level_css":"","_exactmetrics_skip_tracking":false,"_exactmetrics_sitenote_active":false,"_exactmetrics_sitenote_note":"","_exactmetrics_sitenote_category":0,"site-sidebar-layout":"no-sidebar","site-content-layout":"page-builder","ast-site-content-layout":"default","site-content-style":"default","site-sidebar-style":"default","ast-global-header-display":"","ast-banner-title-visibility":"","ast-main-header-display":"","ast-hfb-above-header-display":"","ast-hfb-below-header-display":"","ast-hfb-mobile-header-display":"","site-post-title":"disabled","ast-breadcrumbs-content":"","ast-featured-img":"disabled","footer-sml-layout":"","ast-disable-related-posts":"","theme-transparent-header-meta":"default","adv-header-id-meta":"","stick-header-meta":"","header-above-stick-meta":"","header-main-stick-meta":"","header-below-stick-meta":"","astra-migrate-meta-layouts":"default","ast-page-background-enabled":"default","ast-page-background-meta":{"desktop":{"background-color":"","background-image":"","background-repeat":"repeat","background-position":"center center","background-size":"auto","background-attachment":"scroll","background-type":"","background-media":"","overlay-type":"","overlay-color":"","overlay-opacity":"","overlay-gradient":""},"tablet":{"background-color":"","background-image":"","background-repeat":"repeat","background-position":"center center","background-size":"auto","background-attachment":"scroll","background-type":"","background-media":"","overlay-type":"","overlay-color":"","overlay-opacity":"","overlay-gradient":""},"mobile":{"background-color":"","background-image":"","background-repeat":"repeat","background-position":"center center","background-size":"auto","background-attachment":"scroll","background-type":"","background-media":"","overlay-type":"","overlay-color":"","overlay-opacity":"","overlay-gradient":""}},"ast-content-background-meta":{"desktop":{"background-color":"var(--ast-global-color-5)","background-image":"","background-repeat":"repeat","background-position":"center center","background-size":"auto","background-attachment":"scroll","background-type":"","background-media":"","overlay-type":"","overlay-color":"","overlay-opacity":"","overlay-gradient":""},"tablet":{"background-color":"var(--ast-global-color-5)","background-image":"","background-repeat":"repeat","background-position":"center center","background-size":"auto","background-attachment":"scroll","background-type":"","background-media":"","overlay-type":"","overlay-color":"","overlay-opacity":"","overlay-gradient":""},"mobile":{"background-color":"var(--ast-global-color-5)","background-image":"","background-repeat":"repeat","background-position":"center center","background-size":"auto","background-attachment":"scroll","background-type":"","background-media":"","overlay-type":"","overlay-color":"","overlay-opacity":"","overlay-gradient":""}},"footnotes":""},"uagb_featured_image_src":{"full":false,"thumbnail":false,"medium":false,"medium_large":false,"large":false,"1536x1536":false,"2048x2048":false,"woocommerce_thumbnail":false,"woocommerce_single":false,"woocommerce_gallery_thumbnail":false},"uagb_author_info":{"display_name":"admin","author_link":"https:\/\/www.voimanainen.fi\/index.php\/author\/admin\/"},"uagb_comment_info":0,"uagb_excerpt":"Rekisteriseloste REKISTERISELOSTE T\u00e4ss\u00e4 tietosuojalausekkeessa kerron, miten ker\u00e4\u00e4n ja k\u00e4sittelen henkil\u00f6tietoja\u00a0teille palveluita tarjotessa. Olen sitoutunut suojaamaan palveluiden k\u00e4ytt\u00e4jien yksityisyytt\u00e4 soveltuvan lains\u00e4\u00e4d\u00e4nn\u00f6n mukaisesti. REKISTERINPIT\u00c4J\u00c4 Pt-palvelut ErolinPorvooSuomi REKISTERIN NIMI Pt-palvelut Erolin asiakasrekisteri REKISTERIN PIT\u00c4MISEN PERUSTE Henkil\u00f6 on rekister\u00f6itynyt Pt-palvelut Erolin asiakkaaksi tai tehnyt ostoksen Voimanainen-osoitteessa. Ker\u00e4\u00e4n ja k\u00e4sittelen henkil\u00f6tietoja, jotta k\u00e4ytt\u00e4j\u00e4 voidaan rekister\u00f6id\u00e4 asiakkaaksi ja k\u00e4ytt\u00e4j\u00e4ksi sivustolla oleviin&hellip;","_links":{"self":[{"href":"https:\/\/www.voimanainen.fi\/index.php\/wp-json\/wp\/v2\/pages\/906"}],"collection":[{"href":"https:\/\/www.voimanainen.fi\/index.php\/wp-json\/wp\/v2\/pages"}],"about":[{"href":"https:\/\/www.voimanainen.fi\/index.php\/wp-json\/wp\/v2\/types\/page"}],"author":[{"embeddable":true,"href":"https:\/\/www.voimanainen.fi\/index.php\/wp-json\/wp\/v2\/users\/1"}],"replies":[{"embeddable":true,"href":"https:\/\/www.voimanainen.fi\/index.php\/wp-json\/wp\/v2\/comments?post=906"}],"version-history":[{"count":8,"href":"https:\/\/www.voimanainen.fi\/index.php\/wp-json\/wp\/v2\/pages\/906\/revisions"}],"predecessor-version":[{"id":2835,"href":"https:\/\/www.voimanainen.fi\/index.php\/wp-json\/wp\/v2\/pages\/906\/revisions\/2835"}],"wp:attachment":[{"href":"https:\/\/www.voimanainen.fi\/index.php\/wp-json\/wp\/v2\/media?parent=906"}],"curies":[{"name":"wp","href":"https:\/\/api.w.org\/{rel}","templated":true}]}}